{"id":683,"date":"2026-01-10T14:55:37","date_gmt":"2026-01-10T14:55:37","guid":{"rendered":"https:\/\/pioneerway.com\/?post_type=product&#038;p=683"},"modified":"2026-01-10T14:55:37","modified_gmt":"2026-01-10T14:55:37","slug":"honeywell-hyperion-1300g-barcode-scanner","status":"publish","type":"product","link":"https:\/\/pioneerway.com\/ar\/product\/honeywell-hyperion-1300g-barcode-scanner\/","title":{"rendered":"Honeywell Hyperion 1300G Barcode Scanner"},"content":{"rendered":"<p><main id=\"maincontent\" class=\"page-main\" data-role=\"main-content\"><\/p>\n<div class=\"columns container-fluid\">\n<div class=\"column main row justify-content-end\">\n<div class=\"description product__attribute\">\n<div class=\"value\">El lector Hyperion 1300G Linear Imaging Scanner ofrece a\u00f1os de lectura sin dificultades, especialmente en aplicaciones industriales de alta intensidad. Presenta un balance de desempe\u00f1o, durabilidad y ergonomia. Presenta una capacidad de lectura r\u00e0pida y intuitiva de 13 mil c\u00f3digos de barra en 18 pulgadas (457mm) y tanbi\u00e8n ca pacidad de leer c\u00f3digos peque\u00f1os (3 mil).<\/div>\n<\/div>\n<div class=\"ambanners ambanner-6\" data-position=\"6\" data-bannerid=\"\" data-role=\"amasty-banner-container\"><\/div>\n<\/div>\n<\/div>\n<p><\/main><\/p>\n<footer class=\"page-footer footer\" data-role=\"footer\">\n<div class=\"footer__top\">\n<section class=\"block newsletter\">\n<div class=\"newsletter__container container-fluid\"><\/div>\n<\/section>\n<\/div>\n<\/footer>","protected":false},"excerpt":{"rendered":"<div class=\"info__short product__attribute\">\n<div class=\"value\">The Honeywell Hyperion 1300G Barcode Scanner is a high-performance linear imager designed for fast and accurate 1D barcode scanning. With its durable, no-moving-parts design, it ensures long-lasting reliability and minimal maintenance. Its lightweight, ergonomic construction makes it comfortable for extended use in retail, healthcare, light industrial, and office applications. The scanner offers seamless integration with various systems, featuring plug-and-play setup and multiple connectivity options. Ideal for environments where speed, durability, and accuracy are essential, the Hyperion 1300G provides a cost-effective solution for businesses looking to streamline operations and improve productivity<\/div>\n<\/div>\n<div class=\"info__price product-info-price\">\n<div class=\"product-info-price__wrapper\">\n<div class=\"price-box price-final_price\" data-role=\"priceBox\" data-product-id=\"22059\" data-price-box=\"product-id-22059\">\n<div class=\"price-box\"><\/div>\n<\/div>\n<\/div>\n<\/div>","protected":false},"featured_media":684,"comment_status":"open","ping_status":"closed","template":"","meta":[],"product_brand":[25],"product_cat":[24],"product_tag":[],"class_list":{"0":"post-683","1":"product","2":"type-product","3":"status-publish","4":"has-post-thumbnail","6":"product_brand-honeywell","7":"product_cat-barcode-scanner","9":"first","10":"instock","11":"shipping-taxable","12":"product-type-simple"},"jetpack_sharing_enabled":true,"_links":{"self":[{"href":"https:\/\/pioneerway.com\/ar\/wp-json\/wp\/v2\/product\/683","targetHints":{"allow":["GET"]}}],"collection":[{"href":"https:\/\/pioneerway.com\/ar\/wp-json\/wp\/v2\/product"}],"about":[{"href":"https:\/\/pioneerway.com\/ar\/wp-json\/wp\/v2\/types\/product"}],"replies":[{"embeddable":true,"href":"https:\/\/pioneerway.com\/ar\/wp-json\/wp\/v2\/comments?post=683"}],"wp:featuredmedia":[{"embeddable":true,"href":"https:\/\/pioneerway.com\/ar\/wp-json\/wp\/v2\/media\/684"}],"wp:attachment":[{"href":"https:\/\/pioneerway.com\/ar\/wp-json\/wp\/v2\/media?parent=683"}],"wp:term":[{"taxonomy":"product_brand","embeddable":true,"href":"https:\/\/pioneerway.com\/ar\/wp-json\/wp\/v2\/product_brand?post=683"},{"taxonomy":"product_cat","embeddable":true,"href":"https:\/\/pioneerway.com\/ar\/wp-json\/wp\/v2\/product_cat?post=683"},{"taxonomy":"product_tag","embeddable":true,"href":"https:\/\/pioneerway.com\/ar\/wp-json\/wp\/v2\/product_tag?post=683"}],"curies":[{"name":"wp","href":"https:\/\/api.w.org\/{rel}","templated":true}]}}