{"id":704,"date":"2026-01-10T16:50:21","date_gmt":"2026-01-10T16:50:21","guid":{"rendered":"https:\/\/pioneerway.com\/?post_type=product&#038;p=704"},"modified":"2026-01-10T16:50:21","modified_gmt":"2026-01-10T16:50:21","slug":"honeywell-7120-orbit-barcode-scanner","status":"publish","type":"product","link":"https:\/\/pioneerway.com\/ar\/product\/honeywell-7120-orbit-barcode-scanner\/","title":{"rendered":"Honeywell 7120 Orbit Barcode Scanner"},"content":{"rendered":"<p><main id=\"maincontent\" class=\"page-main\" data-role=\"main-content\"><\/p>\n<div class=\"columns container-fluid\">\n<div class=\"column main row justify-content-end\">\n<div class=\"description product__attribute\">\n<div class=\"value\">Lectura autom\u00e1tica hasta a 22 cm de distancia. Cable PowerLink reemplazable por el usuario.. Se configura con men\u00fa de c\u00f3digos MetroSelect o el programa en Windows Metroset2. 7 diferentes tonos audibles. Profundidad de campo programable.. Compatible con MetrOPOS. Se puede fijar o descansar sobre su base. Funci\u00f3n de ahorro de energ\u00eda<\/div>\n<\/div>\n<div class=\"ambanners ambanner-6\" data-position=\"6\" data-bannerid=\"\" data-role=\"amasty-banner-container\"><\/div>\n<\/div>\n<\/div>\n<p><\/main><\/p>\n<footer class=\"page-footer footer\" data-role=\"footer\">\n<div class=\"footer__top\">\n<section class=\"block newsletter\">\n<div class=\"newsletter__container container-fluid\"><\/div>\n<\/section>\n<\/div>\n<\/footer>","protected":false},"excerpt":{"rendered":"<div class=\"info__short product__attribute\">\n<div class=\"value\">The Honeywell Orbit 7120 is a compact, hands-free omnidirectional scanner, perfect for retail environments with limited counter space. It features a 1,120 scans per second rate and a 20-line omnidirectional scan pattern for quick and efficient barcode reading. The adjustable scan head allows for scanning larger items, while its rugged design withstands drops from 1.2 meters. With easy firmware updates via MetroSet 2 software, the Orbit 7120 ensures long-term reliability in demanding environments<\/div>\n<\/div>\n<div class=\"info__price product-info-price\">\n<div class=\"product-info-price__wrapper\">\n<div class=\"price-box price-final_price\" data-role=\"priceBox\" data-product-id=\"4491\" data-price-box=\"product-id-4491\">\n<div class=\"price-box\"><\/div>\n<\/div>\n<\/div>\n<\/div>","protected":false},"featured_media":705,"comment_status":"open","ping_status":"closed","template":"","meta":[],"product_brand":[25],"product_cat":[24],"product_tag":[],"class_list":{"0":"post-704","1":"product","2":"type-product","3":"status-publish","4":"has-post-thumbnail","6":"product_brand-honeywell","7":"product_cat-barcode-scanner","9":"first","10":"instock","11":"shipping-taxable","12":"product-type-simple"},"jetpack_sharing_enabled":true,"_links":{"self":[{"href":"https:\/\/pioneerway.com\/ar\/wp-json\/wp\/v2\/product\/704","targetHints":{"allow":["GET"]}}],"collection":[{"href":"https:\/\/pioneerway.com\/ar\/wp-json\/wp\/v2\/product"}],"about":[{"href":"https:\/\/pioneerway.com\/ar\/wp-json\/wp\/v2\/types\/product"}],"replies":[{"embeddable":true,"href":"https:\/\/pioneerway.com\/ar\/wp-json\/wp\/v2\/comments?post=704"}],"wp:featuredmedia":[{"embeddable":true,"href":"https:\/\/pioneerway.com\/ar\/wp-json\/wp\/v2\/media\/705"}],"wp:attachment":[{"href":"https:\/\/pioneerway.com\/ar\/wp-json\/wp\/v2\/media?parent=704"}],"wp:term":[{"taxonomy":"product_brand","embeddable":true,"href":"https:\/\/pioneerway.com\/ar\/wp-json\/wp\/v2\/product_brand?post=704"},{"taxonomy":"product_cat","embeddable":true,"href":"https:\/\/pioneerway.com\/ar\/wp-json\/wp\/v2\/product_cat?post=704"},{"taxonomy":"product_tag","embeddable":true,"href":"https:\/\/pioneerway.com\/ar\/wp-json\/wp\/v2\/product_tag?post=704"}],"curies":[{"name":"wp","href":"https:\/\/api.w.org\/{rel}","templated":true}]}}