{"id":721,"date":"2026-01-10T17:11:09","date_gmt":"2026-01-10T17:11:09","guid":{"rendered":"https:\/\/pioneerway.com\/?post_type=product&#038;p=721"},"modified":"2026-01-10T17:11:09","modified_gmt":"2026-01-10T17:11:09","slug":"bixolon-slp-tx400-thermal-transfer-label-printer","status":"publish","type":"product","link":"https:\/\/pioneerway.com\/ar\/product\/bixolon-slp-tx400-thermal-transfer-label-printer\/","title":{"rendered":"Bixolon SLP-TX400 Thermal Transfer Label Printer"},"content":{"rendered":"<p>Caracter\u00edsticas de Impresi\u00f3n<br \/>\nM\u00e9todo de Impresi\u00f3n: Transferencia T\u00e9rmica, T\u00e9rmica Directa<br \/>\nVelocidad de Impresi\u00f3n: SLP-TX400: Hasta 7 ips (178 mm\/s) \/ SLP-TX403: Hasta 5 ips (127 mm\/s)<br \/>\nResoluci\u00f3n: SLP-TX400: 203 dpi \/ SLP-TX403: 300 dpi<br \/>\nAncho de Impresi\u00f3n: SLP-TX400: Hasta 108 mm \/ SLP-TX403: Hasta 105.7 mm<br \/>\nLargo de Impresi\u00f3n: 6 ~ 1,000mm<\/p>\n<p>Caracter\u00edsticas de rendimiento<br \/>\nMemoria: 64MB SDRAM, FlashROM 128MB<br \/>\nInterfaz: triple interfaz<br \/>\nEst\u00e1ndar: HS V2.0 USB + Serial + Paralelo<br \/>\nOpcional: USB V2.0 HS + Serial + Ethernet + inal\u00e1mbrico *<br \/>\n* WLAN: 802.11b \/ g \/ n tipo dongle USB (opcional)<\/p>\n<p>Software<br \/>\nEmulaci\u00f3n: SLCS, BPL-Z\u2122, BPL-E\u2122<\/p>","protected":false},"excerpt":{"rendered":"<div class=\"info__short product__attribute\">\n<div class=\"value\">The BIXOLON SLP-TX400 is a robust 4&#8243; thermal transfer and direct thermal printer, offering high-quality label printing with speeds up to 178 mm\/s and 203 dpi resolution for text, graphics, and barcodes. It features peeler or cutter options, a 300-meter ribbon, and versatile connectivity options including serial, parallel, USB, Ethernet, and optional WLAN. The SLP-TX400 is fully compatible with major programming languages and includes Smart Media Detection technology for automatic media type recognition. The BIXOLON Label Artist software allows for advanced label customization and database connectivity<\/div>\n<\/div>\n<div class=\"info__price product-info-price\">\n<div class=\"product-info-price__wrapper\">\n<div class=\"price-box price-final_price\" data-role=\"priceBox\" data-product-id=\"73481\" data-price-box=\"product-id-73481\">\n<div class=\"price-box\"><\/div>\n<\/div>\n<\/div>\n<\/div>","protected":false},"featured_media":722,"comment_status":"open","ping_status":"closed","template":"","meta":[],"product_brand":[30],"product_cat":[29],"product_tag":[],"class_list":{"0":"post-721","1":"product","2":"type-product","3":"status-publish","4":"has-post-thumbnail","6":"product_brand-bixolon","7":"product_cat-barcode-printer","9":"first","10":"instock","11":"shipping-taxable","12":"product-type-simple"},"jetpack_sharing_enabled":true,"_links":{"self":[{"href":"https:\/\/pioneerway.com\/ar\/wp-json\/wp\/v2\/product\/721","targetHints":{"allow":["GET"]}}],"collection":[{"href":"https:\/\/pioneerway.com\/ar\/wp-json\/wp\/v2\/product"}],"about":[{"href":"https:\/\/pioneerway.com\/ar\/wp-json\/wp\/v2\/types\/product"}],"replies":[{"embeddable":true,"href":"https:\/\/pioneerway.com\/ar\/wp-json\/wp\/v2\/comments?post=721"}],"wp:featuredmedia":[{"embeddable":true,"href":"https:\/\/pioneerway.com\/ar\/wp-json\/wp\/v2\/media\/722"}],"wp:attachment":[{"href":"https:\/\/pioneerway.com\/ar\/wp-json\/wp\/v2\/media?parent=721"}],"wp:term":[{"taxonomy":"product_brand","embeddable":true,"href":"https:\/\/pioneerway.com\/ar\/wp-json\/wp\/v2\/product_brand?post=721"},{"taxonomy":"product_cat","embeddable":true,"href":"https:\/\/pioneerway.com\/ar\/wp-json\/wp\/v2\/product_cat?post=721"},{"taxonomy":"product_tag","embeddable":true,"href":"https:\/\/pioneerway.com\/ar\/wp-json\/wp\/v2\/product_tag?post=721"}],"curies":[{"name":"wp","href":"https:\/\/api.w.org\/{rel}","templated":true}]}}