{"id":770,"date":"2026-01-11T10:46:32","date_gmt":"2026-01-11T10:46:32","guid":{"rendered":"https:\/\/pioneerway.com\/?post_type=product&#038;p=770"},"modified":"2026-01-11T10:46:32","modified_gmt":"2026-01-11T10:46:32","slug":"zebra-ls2208-barcode-scanner","status":"publish","type":"product","link":"https:\/\/pioneerway.com\/ar\/product\/zebra-ls2208-barcode-scanner\/","title":{"rendered":"Zebra LS2208 Barcode Scanner"},"content":{"rendered":"<p><main id=\"maincontent\" class=\"page-main\" data-role=\"main-content\"><\/p>\n<div class=\"columns container-fluid\">\n<div class=\"column main row justify-content-end\">\n<div class=\"description product__attribute\">\n<div class=\"value\"><b>Dise\u00f1o resistente:\u00a0<\/b>tarjeta de circuitos \u00fanica, sometido a las pruebas de ca\u00eddas desde 1,5 m, ventana de salida de cristal templado resistente a ara\u00f1azos<\/p>\n<p><b>Lector lineal 1D de alto rendimiento<\/b><\/p>\n<p><b>Amplio rango de trabajo:\u00a0<\/b>de contacto a 43 cm en s\u00edmbolos 100% UPC\/EANInterfaces m\u00faltiples: RS232, USB, interfaz de teclado (Keyboard Wedge), l\u00e1piz \u00f3ptico (Wand), IBM 468X\/9X, Synapse y Undecoded en un solo lector<\/p>\n<p><b>Plug-and-play:\u00a0<\/b>cable universal, lectura intuitiva<\/p>\n<p><b>Dise\u00f1o econ\u00f3mico y ligero<\/b><\/p>\n<p><b>Base Intellistand\u2122 para manos libres<\/b><\/p>\n<p><b>Formateo avanzado de datos<\/b>\u00a0(ADF)<\/div>\n<\/div>\n<div class=\"ambanners ambanner-6\" data-position=\"6\" data-bannerid=\"\" data-role=\"amasty-banner-container\"><\/div>\n<\/div>\n<\/div>\n<p><\/main><\/p>\n<footer class=\"page-footer footer\" data-role=\"footer\">\n<div class=\"footer__top\">\n<section class=\"block newsletter\">\n<div class=\"newsletter__container container-fluid\"><\/div>\n<\/section>\n<\/div>\n<\/footer>","protected":false},"excerpt":{"rendered":"<div class=\"info__short product__attribute\">\n<div class=\"value\">The Zebra LS2208 Handheld Scanner is a durable and lightweight barcode scanner designed for fast and efficient scanning in retail and educational settings. Featuring a patented single board construction and frictionless liquid polymer scan element, it ensures reliable performance and longevity. Capable of scanning 1D barcodes from up to 43.1 inches away, it offers fast scanning speeds of 100 scans per second. With a compact design and multiple interface options, the LS2208 is a cost-effective solution for businesses looking to streamline their checkout, inventory tracking, and other scanning tasks<\/div>\n<\/div>\n<div class=\"info__price product-info-price\">\n<div class=\"product-info-price__wrapper\">\n<div class=\"price-box price-final_price\" data-role=\"priceBox\" data-product-id=\"395\" data-price-box=\"product-id-395\">\n<div class=\"price-box\"><\/div>\n<\/div>\n<\/div>\n<\/div>","protected":false},"featured_media":771,"comment_status":"open","ping_status":"closed","template":"","meta":[],"product_brand":[31],"product_cat":[24],"product_tag":[],"class_list":{"0":"post-770","1":"product","2":"type-product","3":"status-publish","4":"has-post-thumbnail","6":"product_brand-zebra","7":"product_cat-barcode-scanner","9":"first","10":"instock","11":"shipping-taxable","12":"product-type-simple"},"jetpack_sharing_enabled":true,"_links":{"self":[{"href":"https:\/\/pioneerway.com\/ar\/wp-json\/wp\/v2\/product\/770","targetHints":{"allow":["GET"]}}],"collection":[{"href":"https:\/\/pioneerway.com\/ar\/wp-json\/wp\/v2\/product"}],"about":[{"href":"https:\/\/pioneerway.com\/ar\/wp-json\/wp\/v2\/types\/product"}],"replies":[{"embeddable":true,"href":"https:\/\/pioneerway.com\/ar\/wp-json\/wp\/v2\/comments?post=770"}],"wp:featuredmedia":[{"embeddable":true,"href":"https:\/\/pioneerway.com\/ar\/wp-json\/wp\/v2\/media\/771"}],"wp:attachment":[{"href":"https:\/\/pioneerway.com\/ar\/wp-json\/wp\/v2\/media?parent=770"}],"wp:term":[{"taxonomy":"product_brand","embeddable":true,"href":"https:\/\/pioneerway.com\/ar\/wp-json\/wp\/v2\/product_brand?post=770"},{"taxonomy":"product_cat","embeddable":true,"href":"https:\/\/pioneerway.com\/ar\/wp-json\/wp\/v2\/product_cat?post=770"},{"taxonomy":"product_tag","embeddable":true,"href":"https:\/\/pioneerway.com\/ar\/wp-json\/wp\/v2\/product_tag?post=770"}],"curies":[{"name":"wp","href":"https:\/\/api.w.org\/{rel}","templated":true}]}}