{"id":776,"date":"2026-01-11T10:52:19","date_gmt":"2026-01-11T10:52:19","guid":{"rendered":"https:\/\/pioneerway.com\/?post_type=product&#038;p=776"},"modified":"2026-01-11T10:52:19","modified_gmt":"2026-01-11T10:52:19","slug":"zebra-ds7708-barcode-scanner","status":"publish","type":"product","link":"https:\/\/pioneerway.com\/ar\/product\/zebra-ds7708-barcode-scanner\/","title":{"rendered":"Zebra DS7708 Barcode Scanner"},"content":{"rendered":"<p><main id=\"maincontent\" class=\"page-main\" data-role=\"main-content\"><\/p>\n<div class=\"columns container-fluid\">\n<div class=\"column main row justify-content-end\">\n<div class=\"description product__attribute\">\n<div class=\"value\">Esc\u00e1ner vertical de alto rendimiento para mostradores de venta y escritorios. Decodifica todos los c\u00f3digos de barras comunes: 1D, 2D, impresos y electr\u00f3nicos. Reconoce todos los c\u00f3digos de barras incluso cuando se pasan a 2,5 m \/ seg.. Su \u00e1rea de lectura ofrece el mejor rendimiento en su clase. Muy largo vida \u00fatil, gracias a la mec\u00e1nica bien colocada sin partes m\u00f3viles<\/div>\n<\/div>\n<div class=\"ambanners ambanner-6\" data-position=\"6\" data-bannerid=\"\" data-role=\"amasty-banner-container\"><\/div>\n<\/div>\n<\/div>\n<p><\/main><\/p>\n<footer class=\"page-footer footer\" data-role=\"footer\">\n<div class=\"footer__top\">\n<section class=\"block newsletter\">\n<div class=\"newsletter__container container-fluid\"><\/div>\n<\/section>\n<\/div>\n<\/footer>","protected":false},"excerpt":{"rendered":"<div class=\"info__short product__attribute\">\n<div class=\"value\">The Zebra DS7708 Barcode Scanner offers exceptional speed, flexibility, and reliability for retail checkout environments. With omnidirectional scanning, it reads 1D and 2D barcodes from both paper and mobile screens instantly, ensuring fast and accurate transactions. Built with durable materials and designed for easy POS integration, the DS7708 enhances productivity and delivers a seamless, hands-free scanning experience for high-traffic retail operations<\/div>\n<\/div>\n<div class=\"info__price product-info-price\">\n<div class=\"product-info-price__wrapper\">\n<div class=\"price-box price-final_price\" data-role=\"priceBox\" data-product-id=\"90326\" data-price-box=\"product-id-90326\">\n<div class=\"price-box\"><\/div>\n<\/div>\n<\/div>\n<\/div>","protected":false},"featured_media":777,"comment_status":"open","ping_status":"closed","template":"","meta":[],"product_brand":[31],"product_cat":[24],"product_tag":[],"class_list":{"0":"post-776","1":"product","2":"type-product","3":"status-publish","4":"has-post-thumbnail","6":"product_brand-zebra","7":"product_cat-barcode-scanner","9":"first","10":"instock","11":"shipping-taxable","12":"product-type-simple"},"jetpack_sharing_enabled":true,"_links":{"self":[{"href":"https:\/\/pioneerway.com\/ar\/wp-json\/wp\/v2\/product\/776","targetHints":{"allow":["GET"]}}],"collection":[{"href":"https:\/\/pioneerway.com\/ar\/wp-json\/wp\/v2\/product"}],"about":[{"href":"https:\/\/pioneerway.com\/ar\/wp-json\/wp\/v2\/types\/product"}],"replies":[{"embeddable":true,"href":"https:\/\/pioneerway.com\/ar\/wp-json\/wp\/v2\/comments?post=776"}],"wp:featuredmedia":[{"embeddable":true,"href":"https:\/\/pioneerway.com\/ar\/wp-json\/wp\/v2\/media\/777"}],"wp:attachment":[{"href":"https:\/\/pioneerway.com\/ar\/wp-json\/wp\/v2\/media?parent=776"}],"wp:term":[{"taxonomy":"product_brand","embeddable":true,"href":"https:\/\/pioneerway.com\/ar\/wp-json\/wp\/v2\/product_brand?post=776"},{"taxonomy":"product_cat","embeddable":true,"href":"https:\/\/pioneerway.com\/ar\/wp-json\/wp\/v2\/product_cat?post=776"},{"taxonomy":"product_tag","embeddable":true,"href":"https:\/\/pioneerway.com\/ar\/wp-json\/wp\/v2\/product_tag?post=776"}],"curies":[{"name":"wp","href":"https:\/\/api.w.org\/{rel}","templated":true}]}}